{"id":601,"date":"2023-08-26T15:39:54","date_gmt":"2023-08-26T15:39:54","guid":{"rendered":"https:\/\/brandskar.se\/?page_id=601"},"modified":"2025-10-14T13:09:51","modified_gmt":"2025-10-14T13:09:51","slug":"start","status":"publish","type":"page","link":"https:\/\/brandskar.se\/en\/","title":{"rendered":"Brandsk\u00e4r"},"content":{"rendered":"","protected":false},"excerpt":{"rendered":"","protected":false},"author":1,"featured_media":0,"parent":0,"menu_order":7,"comment_status":"closed","ping_status":"closed","template":"","meta":{"footnotes":""},"class_list":["post-601","page","type-page","status-publish","hentry"],"meta_box":{"hero_\/_toppbild_bakgrundsbild":[{"width":150,"height":150,"file":"2023\/09\/Brandskar.290Open.Web-8-2.jpg","filesize":258026,"sizes":{"medium":{"file":"Brandskar.290Open.Web-8-2-300x169.jpg","width":300,"height":169,"mime-type":"image\/jpeg","filesize":13843,"url":"https:\/\/brandskar.se\/wp-content\/uploads\/2023\/09\/Brandskar.290Open.Web-8-2-300x169.jpg"},"large":{"file":"Brandskar.290Open.Web-8-2-1024x576.jpg","width":1024,"height":576,"mime-type":"image\/jpeg","filesize":119721,"url":"https:\/\/brandskar.se\/wp-content\/uploads\/2023\/09\/Brandskar.290Open.Web-8-2-1024x576.jpg"},"thumbnail":{"file":"Brandskar.290Open.Web-8-2-150x150.jpg","width":150,"height":150,"mime-type":"image\/jpeg","filesize":6119,"url":"https:\/\/brandskar.se\/wp-content\/uploads\/2023\/09\/Brandskar.290Open.Web-8-2-150x150.jpg"},"medium_large":{"file":"Brandskar.290Open.Web-8-2-768x432.jpg","width":768,"height":432,"mime-type":"image\/jpeg","filesize":72299,"url":"https:\/\/brandskar.se\/wp-content\/uploads\/2023\/09\/Brandskar.290Open.Web-8-2-768x432.jpg"},"1536x1536":{"file":"Brandskar.290Open.Web-8-2-1536x864.jpg","width":1536,"height":864,"mime-type":"image\/jpeg","filesize":235482,"url":"https:\/\/brandskar.se\/wp-content\/uploads\/2023\/09\/Brandskar.290Open.Web-8-2-1536x864.jpg"},"2048x2048":{"file":"Brandskar.290Open.Web-8-2-2048x1152.jpg","width":2048,"height":1152,"mime-type":"image\/jpeg","filesize":367237,"url":"https:\/\/brandskar.se\/wp-content\/uploads\/2023\/09\/Brandskar.290Open.Web-8-2-2048x1152.jpg"},"bricks_large_16x9":{"file":"Brandskar.290Open.Web-8-2-1200x675.jpg","width":1200,"height":675,"mime-type":"image\/jpeg","filesize":159002,"url":"https:\/\/brandskar.se\/wp-content\/uploads\/2023\/09\/Brandskar.290Open.Web-8-2-1200x675.jpg"},"bricks_large":{"file":"Brandskar.290Open.Web-8-2-1200x675.jpg","width":1200,"height":675,"mime-type":"image\/jpeg","filesize":159002,"url":"https:\/\/brandskar.se\/wp-content\/uploads\/2023\/09\/Brandskar.290Open.Web-8-2-1200x675.jpg"},"bricks_large_square":{"file":"Brandskar.290Open.Web-8-2-1200x1200.jpg","width":1200,"height":1200,"mime-type":"image\/jpeg","filesize":198853,"url":"https:\/\/brandskar.se\/wp-content\/uploads\/2023\/09\/Brandskar.290Open.Web-8-2-1200x1200.jpg"},"bricks_medium":{"file":"Brandskar.290Open.Web-8-2-600x337.jpg","width":600,"height":337,"mime-type":"image\/jpeg","filesize":46847,"url":"https:\/\/brandskar.se\/wp-content\/uploads\/2023\/09\/Brandskar.290Open.Web-8-2-600x337.jpg"},"bricks_medium_square":{"file":"Brandskar.290Open.Web-8-2-600x600.jpg","width":600,"height":600,"mime-type":"image\/jpeg","filesize":65906,"url":"https:\/\/brandskar.se\/wp-content\/uploads\/2023\/09\/Brandskar.290Open.Web-8-2-600x600.jpg"}},"image_meta":{"aperture":"4","credit":"","camera":"Canon EOS 7D Mark II","caption":"","created_timestamp":"1562340309","copyright":"","focal_length":"70","iso":"100","shutter_speed":"0.000625","title":"","orientation":"0","keywords":[]},"ID":"687","name":"Brandskar.290Open.Web-8-2.jpg","path":"\/www\/webvol53\/of\/cxbno8as3ylv5yr\/brandskar.se\/public_html\/wp-content\/uploads\/2023\/09\/Brandskar.290Open.Web-8-2.jpg","url":"https:\/\/brandskar.se\/wp-content\/uploads\/2023\/09\/Brandskar.290Open.Web-8-2-150x150.jpg","full_url":"https:\/\/brandskar.se\/wp-content\/uploads\/2023\/09\/Brandskar.290Open.Web-8-2.jpg","title":"Brandska\u0308r.290Open.Web-8-2","caption":"","description":"","alt":"","srcset":"https:\/\/brandskar.se\/wp-content\/uploads\/2023\/09\/Brandskar.290Open.Web-8-2-150x150.jpg 150w, https:\/\/brandskar.se\/wp-content\/uploads\/2023\/09\/Brandskar.290Open.Web-8-2-1200x1200.jpg 1200w, https:\/\/brandskar.se\/wp-content\/uploads\/2023\/09\/Brandskar.290Open.Web-8-2-600x600.jpg 600w"}],"citat":"\"En gemensam resa\"","rubrik_for_sidan":"V\u00e4gen fram till nya 290 NG","text_under_rubrik":"Tillsammans med v\u00e5ra kunder, v\u00e4nner och f\u00f6ljare lyckades vi ta fram v\u00e5r b\u00e4sta b\u00e5t hittills. Se alla fem filmer fr\u00e5n processen f\u00f6r en djupare inblick.","heroknappctatext":"Uppt\u00e4ck 290 Open","herolinkcta":"1180","text_pv3qbs96sfff":"test","hero_toppbild_bakgrundsbild":[],"bakgrundsvideo":[],"streamvideo2":"https:\/\/player.vimeo.com\/external\/276835687.hd.mp4?s=0e0df2a605bb2edf8370fecd2099f9c757c8178e&profile_id=174","citatlangstned":"\"En gemensam resa\"","rubrik_for_sidan_langst_ned":"V\u00e4gen fram till nya 290 NG","text_under_rubrik_langst_ned":"Tillsammans med v\u00e5ra kunder, v\u00e4nner och f\u00f6ljare lyckades vi ta fram v\u00e5r b\u00e4sta b\u00e5t hittills. Se alla fem filmer fr\u00e5n processen f\u00f6r en djupare inblick.","knapp_cta_text_langst_ned":"Till filmerna","selectsecond2":"1180","text_pv3qbs96s22":"#\u00e5sneh\u00f6na","dokument_titel":"","meta_beskrivning":"","meta_nyckelord_keywords":"","social_media_titel":"","textarea_7ukcr5qcfaw":"","social_media_bild":[]},"_links":{"self":[{"href":"https:\/\/brandskar.se\/en\/wp-json\/wp\/v2\/pages\/601","targetHints":{"allow":["GET"]}}],"collection":[{"href":"https:\/\/brandskar.se\/en\/wp-json\/wp\/v2\/pages"}],"about":[{"href":"https:\/\/brandskar.se\/en\/wp-json\/wp\/v2\/types\/page"}],"author":[{"embeddable":true,"href":"https:\/\/brandskar.se\/en\/wp-json\/wp\/v2\/users\/1"}],"replies":[{"embeddable":true,"href":"https:\/\/brandskar.se\/en\/wp-json\/wp\/v2\/comments?post=601"}],"version-history":[{"count":26,"href":"https:\/\/brandskar.se\/en\/wp-json\/wp\/v2\/pages\/601\/revisions"}],"predecessor-version":[{"id":5950,"href":"https:\/\/brandskar.se\/en\/wp-json\/wp\/v2\/pages\/601\/revisions\/5950"}],"wp:attachment":[{"href":"https:\/\/brandskar.se\/en\/wp-json\/wp\/v2\/media?parent=601"}],"curies":[{"name":"wp","href":"https:\/\/api.w.org\/{rel}","templated":true}]}}